{"id":982,"date":"2018-01-25T16:25:31","date_gmt":"2018-01-25T16:25:31","guid":{"rendered":"http:\/\/christophsebastian.de\/?page_id=982"},"modified":"2018-05-29T09:56:10","modified_gmt":"2018-05-29T09:56:10","slug":"impressum","status":"publish","type":"page","link":"https:\/\/christophsebastian.de\/?page_id=982","title":{"rendered":"Impressum + Datenschutz"},"content":{"rendered":"<p>Angaben gem\u00e4\u00df \u00a7 5 TMG<\/p>\n<p>Christoph Sebastian<br \/>\nGoethestrasse 56<br \/>\n45130 Essen<\/p>\n<p><strong>Kontakt:<\/strong><br \/>\nTelefon: 0162-9862807<br \/>\nE-Mail: <a href=\"mailto:post@csfo.de\">post(at)csfo.de<\/a><\/p>\n<p><strong>Umsatzsteuer-ID: <\/strong><br \/>\nUmsatzsteuer-Identifikationsnummer gem\u00e4\u00df \u00a727a Umsatzsteuergesetz: DE251705687<\/p>\n<p>&nbsp;<\/p>\n<p><strong>Haftung f\u00fcr Inhalte<\/strong><\/p>\n<p>Die Inhalte unserer Seiten wurden mit gr\u00f6\u00dfter Sorgfalt erstellt. F\u00fcr die Richtigkeit, Vollst\u00e4ndigkeit und Aktualit\u00e4t der Inhalte k\u00f6nnen wir jedoch keine Gew\u00e4hr \u00fcbernehmen. Als Diensteanbieter sind wir gem\u00e4\u00df \u00a7 7 Abs.1 TMG f\u00fcr eigene Inhalte auf diesen Seiten nach den allgemeinen Gesetzen verantwortlich. Nach \u00a7\u00a7 8 bis 10 TMG sind wir als Diensteanbieter jedoch nicht verpflichtet, \u00fcbermittelte oder gespeicherte fremde Informationen zu \u00fcberwachen oder nach Umst\u00e4nden zu forschen, die auf eine rechtswidrige T\u00e4tigkeit hinweisen. Verpflichtungen zur Entfernung oder Sperrung der Nutzung von Informationen nach den allgemeinen Gesetzen bleiben hiervon unber\u00fchrt. Eine diesbez\u00fcgliche Haftung ist jedoch erst ab dem Zeitpunkt der Kenntnis einer konkreten Rechtsverletzung m\u00f6glich. Bei Bekanntwerden von entsprechenden Rechtsverletzungen werden wir diese Inhalte umgehend entfernen.<\/p>\n<p><strong>Urheberrecht<\/strong><\/p>\n<p>Die durch die Seitenbetreiber erstellten Inhalte und Werke auf diesen Seiten unterliegen dem deutschen Urheberrecht. Die Vervielf\u00e4ltigung, Bearbeitung, Verbreitung und jede Art der Verwertung au\u00dferhalb der Grenzen des Urheberrechtes bed\u00fcrfen der schriftlichen Zustimmung des jeweiligen Autors bzw. Erstellers. Downloads und Kopien dieser Seite sind nur f\u00fcr den privaten, nicht kommerziellen Gebrauch gestattet. Soweit die Inhalte auf dieser Seite nicht vom Betreiber erstellt wurden, werden die Urheberrechte Dritter beachtet. Insbesondere werden Inhalte Dritter als solche gekennzeichnet. Sollten Sie trotzdem auf eine Urheberrechtsverletzung aufmerksam werden, bitten wir um einen entsprechenden Hinweis. Bei Bekanntwerden von Rechtsverletzungen werden wir derartige Inhalte umgehend entfernen.<\/p>\n<p><strong>Datenschutzerkl\u00e4rung<\/strong><\/p>\n<p>Sie erhalten als Nutzer unserer Internetseite in dieser Datenschutzerkl\u00e4rung alle notwendigen Informationen dar\u00fcber, wie, in welchem Umfang sowie zu welchem Zweck wir oder Drittanbieter Daten von Ihnen erheben und diese verwenden. Die Erhebung und Nutzung Ihrer Daten erfolgt streng nach den Vorgaben des Bundesdatenschutzgesetzes (BDSG) und des Telemediengesetzes (TMG). Wir f\u00fchlen uns der Vertraulichkeit Ihrer personenbezogenen Daten besonders verpflichtet und arbeiten deshalb streng innerhalb der Grenzen, die die gesetzlichen Vorgaben uns setzen. Die Erhebung dieser personenbezogenen Daten erfolgt auf freiwilliger Basis, wenn uns das m\u00f6glich ist. Auch geben wir diese Daten nur mit Ihrer ausdr\u00fccklichen Zustimmung an Dritte weiter. Wir sorgen bei besonders vertraulichen Daten wie im Zahlungsverkehr oder im Hinblick auf Ihre Anfragen an uns durch Einsatz einer SSL-Verschl\u00fcsselung f\u00fcr hohe Sicherheit. Wir m\u00f6chten es aber an dieser Stelle nicht vers\u00e4umen, auf die allgemeinen Gefahren der Internetnutzung hinzuweisen, auf die wir keinen Einfluss haben. Besonders im E-Mail-Verkehr sind Ihre Daten ohne weitere Vorkehrungen nicht sicher und k\u00f6nnen unter Umst\u00e4nden von Dritten erfasst werden.<\/p>\n<p><strong>Auskunft, L\u00f6schung, Sperrung<\/strong><\/p>\n<p>Sie erhalten jederzeit unentgeltlich Auskunft \u00fcber die von uns gespeicherten personenbezogenen Daten zu Ihrer Person sowie zur Herkunft, dem Empf\u00e4nger und dem Zweck von Datenerhebung sowie Datenverarbeitung. Au\u00dferdem haben Sie das Recht, die Berichtigung, die Sperrung oder L\u00f6schung Ihrer Daten zu verlangen. Ausgenommen davon sind Daten, die aufgrund gesetzlicher Vorschriften aufbewahrt oder zur ordnungsgem\u00e4\u00dfen Gesch\u00e4ftsabwicklung ben\u00f6tigt werden. Damit eine Datensperre jederzeit realisiert werden kann, werden Daten zu Kontrollzwecken in einer Sperrdatei vorgehalten. Werden Daten nicht von einer gesetzlichen Archivierungspflicht erfasst, l\u00f6schen wir Ihre Daten auf Ihren Wunsch. Greift die Archivierungspflicht, sperren wir Ihre Daten. F\u00fcr alle Fragen und Anliegen zur Berichtigung, Sperrung oder L\u00f6schung von personenbezogenen Daten wenden Sie sich bitte an unseren Datenschutzbeauftragten unter den Kontaktdaten in dieser Datenschutzerkl\u00e4rung bzw. an die im Impressum genannte Adresse.<\/p>\n<p><strong>Erhebung von Zugriffsdaten<\/strong><\/p>\n<p>Die Auslieferung und Darstellung der Inhalte \u00fcber unsere Webseite erfordert technisch die Erfassung bestimmter Daten. Mit Ihrem Zugriff auf unsere Webseite werden diese sogenannten Server-Logfiles durch uns oder den Provider des Webspace erfasst. Diese Logfiles erlauben keinen R\u00fcckschluss auf Sie und Ihre Person. Die entsprechenden Informationen bestehen aus dem Namen der Webseite, der Datei, dem aktuellen Datum, der Datenmenge, dem Webrowser und seiner Version, dem eingesetzten Betriebssystem, dem Domain-Namen Ihres Internet-Providers, der Referrer-URL als jene Seite, von der Sie auf unsere Seite gewechselt sind, sowie der entsprechenden IP-Adresse. Wir nutzen diese Daten zur Darstellung und Auslieferung unserer Inhalte sowie zu statistischen Zwecken. Die Informationen unterst\u00fctzen die Bereitstellung und st\u00e4ndige Verbesserung unseres Angebots. Auch behalten wir uns vor, die erw\u00e4hnten Daten nachtr\u00e4glich zu pr\u00fcfen, sollte der Verdacht auf eine rechtswidrige Nutzung unseres Angebotes bestehen.<\/p>\n<p><strong>Inhalte und Dienste von Drittanbietern<\/strong><\/p>\n<p>Das Angebot auf unserer Webseite erfasst unter Umst\u00e4nden auch Inhalte, Dienste und Leistungen von anderen Anbietern, die unser Angebot erg\u00e4nzen. Beispiele f\u00fcr solche Angebote sind Karten von Google-Maps, YouTube-Videos oder Grafikdarstellungen Dritter. Der Aufruf dieser Leistungen von dritter Seite erfordert regelm\u00e4\u00dfig die \u00dcbermittlung Ihrer IP-Adresse. Damit ist es diesen Anbietern m\u00f6glich, Ihre Nutzer-IP-Adresse wahrzunehmen und diese auch zu speichern. Wir bem\u00fchen uns sehr, nur solche Drittanbieter einzubeziehen, die IP-Adressen allein zur Auslieferung der Inhalte nutzen. Wir haben dabei jedoch keinen Einfluss darauf, welcher Drittanbieter gegebenenfalls die IP-Adresse speichert. Diese Speicherung kann zum Beispiel statistischen Zwecken dienen. Sollten wir von Speicherungsvorg\u00e4ngen durch Drittanbieter Kenntnis erlangen, weisen wir unsere Nutzer unverz\u00fcglich auf diese Tatsache hin. Beachten Sie bitte in diesem Zusammenhang auch die speziellen Datenschutzerkl\u00e4rungen zu einzelnen Drittanbietern und Dienstleistern, deren Service wir auf unserer Webseite nutzen. Sie finden Sie ebenfalls in dieser Datenschutzerkl\u00e4rung.<\/p>\n<p><strong>Server Logfiles<\/strong><\/p>\n<p>Bei den Server Logfiles handelt es sich um anonymisierte Daten, die bei Ihrem Zugriff auf unsere Webseite erfasst werden. Diese Informationen erm\u00f6glichen keine R\u00fcckschl\u00fcsse auf Sie pers\u00f6nlich, sind aber aus technischen Gr\u00fcnden f\u00fcr die Auslieferung und Darstellung unserer Inhalte unverzichtbar. Weiterhin dienen Sie unserer Statistik und der st\u00e4ndigen Optimierung unserer Inhalte. Typische Logfiles sind das Datum und die Zeit des Zugriffs, die Datenmenge, der f\u00fcr den Zugriff benutzte Browser und seine Version, das eingesetzte Betriebssystem, der Domainname des von Ihnen beauftragten Providers, die Seite, von der Sie zu unserem Angebot gekommen sind (Referrer-URL) und Ihre IP-Adresse. Logfiles erm\u00f6glichen au\u00dferdem eine genaue Pr\u00fcfung bei Verdacht auf eine rechtswidrige Nutzung unserer Webseite.<\/p>\n<p><strong>SSL-Verschl\u00fcsselung<\/strong><\/p>\n<p>Unsere Webseite bedient sich einer SSL-Verschl\u00fcsselung, wenn es um die \u00dcbermittlung vertraulicher oder pers\u00f6nlicher Inhalte unserer Nutzer geht. Diese Verschl\u00fcsslung wird zum Beispiel bei der Abwicklung des Zahlungsverkehrs sowie bei Anfragen aktiviert, die Sie an uns \u00fcber unsere Webseite stellen. Achten Sie bitte darauf, dass die SSL-Verschl\u00fcsselung bei entsprechenden Aktivit\u00e4ten von Ihrer Seite her aktiviert ist. Der Einsatz der Verschl\u00fcsselung ist leicht zu erkennen: Die Anzeige in Ihrer Browserzeile wechselt von \u201ehttp:\/\/\u201c zu \u201ehttps:\/\/\u201c. \u00dcber SSL verschl\u00fcsselte Daten sind nicht von Dritten lesbar. \u00dcbermitteln Sie Ihre vertraulichen Informationen nur bei aktivierter SSL-Verschl\u00fcsselung und wenden Sie sich im Zweifel an uns.<\/p>\n<p><strong>Widerspruch Werbe-E-Mails<\/strong><\/p>\n<p>Im Rahmen der gesetzlichen Impressumspflicht m\u00fcssen wir unsere Kontaktdaten ver\u00f6ffentlichen. Diese werden von dritten Personen teilweise zur \u00dcbersendung nicht erw\u00fcnschter Werbung und Informationen genutzt. Wir widersprechen hiermit jeglicher von uns nicht ausdr\u00fccklich autorisierten \u00dcbersendung von Werbematerial aller Art. Wir behalten uns ferner ausdr\u00fccklich rechtliche Schritte gegen die unerw\u00fcnschte und unverlangte Zusendung von Werbematerial vor. Dies gilt insbesondere f\u00fcr sogenannte Spam-E-Mails, Spam-Briefe und Spam-Faxe. Wir weisen darauf hin, dass die unautorisierte \u00dcbermittlung von Werbematerial sowohl wettbewerbsrechtliche, zivilrechtliche und strafrechtliche Tatbest\u00e4nde ber\u00fchren kann. Speziell Spam-E-Mails k\u00f6nnen zu hohen Schadensersatzforderungen f\u00fchren, wenn sie den Gesch\u00e4ftsbetrieb st\u00f6ren<\/p>\n<p><b>Kontaktformular<\/b><\/p>\n<p>Die Nutzung der Webseite ist in der Regel ohne Angabe personenbezogener Daten m\u00f6glich. Soweit im Kontaktformular personenbezogene Daten erfragt werden, erfolgt dies stets auf freiwilliger Basis. Diese Daten werden nicht an Dritte weitergegeben. Der Nutzung der hier ver\u00f6ffentlichten Kontaktinformationen durch Dritte zur \u00dcbersendung von nicht bestellter Werbung und Informationsmaterialien wird hiermit widersprochen.<\/p>\n<p>Wenn Sie uns per Kontaktformular Anfragen zukommen lassen, werden Ihre Angaben aus dem\u00a0Anfrageformular inklusive der von Ihnen dort angegebenen Kontaktdaten zwecks Bearbeitung der\u00a0Anfrage und f\u00fcr den Fall von Anschlussfragen bei uns gespeichert. Diese Daten geben wir nicht ohne Ihre\u00a0Einwilligung weiter.<\/p>\n<p>&nbsp;<\/p>\n<p>&nbsp;<\/p>\n<p>&nbsp;<\/p>\n<p>&nbsp;<\/p>\n","protected":false},"excerpt":{"rendered":"<p>Angaben gem\u00e4\u00df \u00a7 5 TMG Christoph Sebastian Goethestrasse 56 45130 Essen Kontakt: Telefon: 0162-9862807 E-Mail: post(at)csfo.de Umsatzsteuer-ID: Umsatzsteuer-Identifikationsnummer gem\u00e4\u00df \u00a727a Umsatzsteuergesetz: DE251705687 &nbsp; Haftung f\u00fcr Inhalte Die Inhalte unserer Seiten wurden mit gr\u00f6\u00dfter Sorgfalt erstellt. F\u00fcr die Richtigkeit, Vollst\u00e4ndigkeit und Aktualit\u00e4t der Inhalte k\u00f6nnen wir jedoch keine Gew\u00e4hr \u00fcbernehmen. Als Diensteanbieter sind wir gem\u00e4\u00df \u00a7&#8230; <a class=\"more-link\" href=\"https:\/\/christophsebastian.de\/?page_id=982\">Read More<\/a><\/p>\n","protected":false},"author":1,"featured_media":0,"parent":623,"menu_order":0,"comment_status":"closed","ping_status":"closed","template":"","meta":{"_mi_skip_tracking":false,"_genesis_hide_title":false,"_genesis_hide_breadcrumbs":false,"_genesis_hide_singular_image":false,"_genesis_hide_footer_widgets":false,"_genesis_custom_body_class":"","_genesis_custom_post_class":"","_genesis_layout":"","footnotes":""},"class_list":{"0":"post-982","1":"page","2":"type-page","3":"status-publish","5":"entry"},"yoast_head":"<!-- This site is optimized with the Yoast SEO plugin v19.7.1 - https:\/\/yoast.com\/wordpress\/plugins\/seo\/ -->\n<title>Impressum + Datenschutz - CHRISTOPH SEBASTIAN<\/title>\n<meta name=\"robots\" content=\"index, follow, max-snippet:-1, max-image-preview:large, max-video-preview:-1\" \/>\n<link rel=\"canonical\" href=\"https:\/\/christophsebastian.de\/?page_id=982\" \/>\n<meta property=\"og:locale\" content=\"de_DE\" \/>\n<meta property=\"og:type\" content=\"article\" \/>\n<meta property=\"og:title\" content=\"Impressum + Datenschutz - CHRISTOPH SEBASTIAN\" \/>\n<meta property=\"og:description\" content=\"Angaben gem\u00e4\u00df \u00a7 5 TMG Christoph Sebastian Goethestrasse 56 45130 Essen Kontakt: Telefon: 0162-9862807 E-Mail: post(at)csfo.de Umsatzsteuer-ID: Umsatzsteuer-Identifikationsnummer gem\u00e4\u00df \u00a727a Umsatzsteuergesetz: DE251705687 &nbsp; Haftung f\u00fcr Inhalte Die Inhalte unserer Seiten wurden mit gr\u00f6\u00dfter Sorgfalt erstellt. F\u00fcr die Richtigkeit, Vollst\u00e4ndigkeit und Aktualit\u00e4t der Inhalte k\u00f6nnen wir jedoch keine Gew\u00e4hr \u00fcbernehmen. Als Diensteanbieter sind wir gem\u00e4\u00df \u00a7... Read More\" \/>\n<meta property=\"og:url\" content=\"https:\/\/christophsebastian.de\/?page_id=982\" \/>\n<meta property=\"og:site_name\" content=\"CHRISTOPH SEBASTIAN\" \/>\n<meta property=\"article:modified_time\" content=\"2018-05-29T09:56:10+00:00\" \/>\n<meta name=\"twitter:card\" content=\"summary_large_image\" \/>\n<meta name=\"twitter:label1\" content=\"Gesch\u00e4tzte Lesezeit\" \/>\n\t<meta name=\"twitter:data1\" content=\"7\u00a0Minuten\" \/>\n<script type=\"application\/ld+json\" class=\"yoast-schema-graph\">{\"@context\":\"https:\/\/schema.org\",\"@graph\":[{\"@type\":\"WebPage\",\"@id\":\"https:\/\/christophsebastian.de\/?page_id=982\",\"url\":\"https:\/\/christophsebastian.de\/?page_id=982\",\"name\":\"Impressum + Datenschutz - CHRISTOPH SEBASTIAN\",\"isPartOf\":{\"@id\":\"https:\/\/christophsebastian.de\/#website\"},\"datePublished\":\"2018-01-25T16:25:31+00:00\",\"dateModified\":\"2018-05-29T09:56:10+00:00\",\"breadcrumb\":{\"@id\":\"https:\/\/christophsebastian.de\/?page_id=982#breadcrumb\"},\"inLanguage\":\"de\",\"potentialAction\":[{\"@type\":\"ReadAction\",\"target\":[\"https:\/\/christophsebastian.de\/?page_id=982\"]}]},{\"@type\":\"BreadcrumbList\",\"@id\":\"https:\/\/christophsebastian.de\/?page_id=982#breadcrumb\",\"itemListElement\":[{\"@type\":\"ListItem\",\"position\":1,\"name\":\"Startseite\",\"item\":\"https:\/\/christophsebastian.de\/\"},{\"@type\":\"ListItem\",\"position\":2,\"name\":\"PHOTOGRAPHY\",\"item\":\"https:\/\/christophsebastian.de\/\"},{\"@type\":\"ListItem\",\"position\":3,\"name\":\"Impressum + Datenschutz\"}]},{\"@type\":\"WebSite\",\"@id\":\"https:\/\/christophsebastian.de\/#website\",\"url\":\"https:\/\/christophsebastian.de\/\",\"name\":\"CHRISTOPH SEBASTIAN\",\"description\":\"\",\"potentialAction\":[{\"@type\":\"SearchAction\",\"target\":{\"@type\":\"EntryPoint\",\"urlTemplate\":\"https:\/\/christophsebastian.de\/?s={search_term_string}\"},\"query-input\":\"required name=search_term_string\"}],\"inLanguage\":\"de\"}]}<\/script>\n<!-- \/ Yoast SEO plugin. -->","yoast_head_json":{"title":"Impressum + Datenschutz - CHRISTOPH SEBASTIAN","robots":{"index":"index","follow":"follow","max-snippet":"max-snippet:-1","max-image-preview":"max-image-preview:large","max-video-preview":"max-video-preview:-1"},"canonical":"https:\/\/christophsebastian.de\/?page_id=982","og_locale":"de_DE","og_type":"article","og_title":"Impressum + Datenschutz - CHRISTOPH SEBASTIAN","og_description":"Angaben gem\u00e4\u00df \u00a7 5 TMG Christoph Sebastian Goethestrasse 56 45130 Essen Kontakt: Telefon: 0162-9862807 E-Mail: post(at)csfo.de Umsatzsteuer-ID: Umsatzsteuer-Identifikationsnummer gem\u00e4\u00df \u00a727a Umsatzsteuergesetz: DE251705687 &nbsp; Haftung f\u00fcr Inhalte Die Inhalte unserer Seiten wurden mit gr\u00f6\u00dfter Sorgfalt erstellt. F\u00fcr die Richtigkeit, Vollst\u00e4ndigkeit und Aktualit\u00e4t der Inhalte k\u00f6nnen wir jedoch keine Gew\u00e4hr \u00fcbernehmen. Als Diensteanbieter sind wir gem\u00e4\u00df \u00a7... Read More","og_url":"https:\/\/christophsebastian.de\/?page_id=982","og_site_name":"CHRISTOPH SEBASTIAN","article_modified_time":"2018-05-29T09:56:10+00:00","twitter_card":"summary_large_image","twitter_misc":{"Gesch\u00e4tzte Lesezeit":"7\u00a0Minuten"},"schema":{"@context":"https:\/\/schema.org","@graph":[{"@type":"WebPage","@id":"https:\/\/christophsebastian.de\/?page_id=982","url":"https:\/\/christophsebastian.de\/?page_id=982","name":"Impressum + Datenschutz - CHRISTOPH SEBASTIAN","isPartOf":{"@id":"https:\/\/christophsebastian.de\/#website"},"datePublished":"2018-01-25T16:25:31+00:00","dateModified":"2018-05-29T09:56:10+00:00","breadcrumb":{"@id":"https:\/\/christophsebastian.de\/?page_id=982#breadcrumb"},"inLanguage":"de","potentialAction":[{"@type":"ReadAction","target":["https:\/\/christophsebastian.de\/?page_id=982"]}]},{"@type":"BreadcrumbList","@id":"https:\/\/christophsebastian.de\/?page_id=982#breadcrumb","itemListElement":[{"@type":"ListItem","position":1,"name":"Startseite","item":"https:\/\/christophsebastian.de\/"},{"@type":"ListItem","position":2,"name":"PHOTOGRAPHY","item":"https:\/\/christophsebastian.de\/"},{"@type":"ListItem","position":3,"name":"Impressum + Datenschutz"}]},{"@type":"WebSite","@id":"https:\/\/christophsebastian.de\/#website","url":"https:\/\/christophsebastian.de\/","name":"CHRISTOPH SEBASTIAN","description":"","potentialAction":[{"@type":"SearchAction","target":{"@type":"EntryPoint","urlTemplate":"https:\/\/christophsebastian.de\/?s={search_term_string}"},"query-input":"required name=search_term_string"}],"inLanguage":"de"}]}},"_links":{"self":[{"href":"https:\/\/christophsebastian.de\/index.php?rest_route=\/wp\/v2\/pages\/982","targetHints":{"allow":["GET"]}}],"collection":[{"href":"https:\/\/christophsebastian.de\/index.php?rest_route=\/wp\/v2\/pages"}],"about":[{"href":"https:\/\/christophsebastian.de\/index.php?rest_route=\/wp\/v2\/types\/page"}],"author":[{"embeddable":true,"href":"https:\/\/christophsebastian.de\/index.php?rest_route=\/wp\/v2\/users\/1"}],"replies":[{"embeddable":true,"href":"https:\/\/christophsebastian.de\/index.php?rest_route=%2Fwp%2Fv2%2Fcomments&post=982"}],"version-history":[{"count":9,"href":"https:\/\/christophsebastian.de\/index.php?rest_route=\/wp\/v2\/pages\/982\/revisions"}],"predecessor-version":[{"id":1026,"href":"https:\/\/christophsebastian.de\/index.php?rest_route=\/wp\/v2\/pages\/982\/revisions\/1026"}],"up":[{"embeddable":true,"href":"https:\/\/christophsebastian.de\/index.php?rest_route=\/wp\/v2\/pages\/623"}],"wp:attachment":[{"href":"https:\/\/christophsebastian.de\/index.php?rest_route=%2Fwp%2Fv2%2Fmedia&parent=982"}],"curies":[{"name":"wp","href":"https:\/\/api.w.org\/{rel}","templated":true}]}}